{"id":336,"date":"2010-10-03T17:05:49","date_gmt":"2010-10-03T16:05:49","guid":{"rendered":"http:\/\/www.taus-pirineus.com\/?page_id=336"},"modified":"2010-10-28T16:02:59","modified_gmt":"2010-10-28T15:02:59","slug":"fotos-antigues","status":"publish","type":"page","link":"http:\/\/www.taus-pirineus.com\/?page_id=336","title":{"rendered":"Fotos Antigues"},"content":{"rendered":"<p>S&#8217;ha editat un llibret amb les fotografies de la I, II i III mostra de fotografies antigues que s&#8217;han fet fins ara a Ta\u00fas.<\/p>\n<p>En el cas que alg\u00fa vulgui tenir-ne un el seu preu \u00e9s de 15 \u20ac i cal encarregar-lo a la Mamen o a la Montse.<\/p>\n","protected":false},"excerpt":{"rendered":"<p>S&#8217;ha editat un llibret amb les fotografies de la I, II i III mostra de fotografies antigues que s&#8217;han fet fins ara a Ta\u00fas. En el cas que alg\u00fa vulgui tenir-ne un el seu preu \u00e9s de 15 \u20ac i cal encarregar-lo a la Mamen o a la Montse.<\/p>\n","protected":false},"author":1,"featured_media":0,"parent":58,"menu_order":0,"comment_status":"open","ping_status":"open","template":"","meta":{"ngg_post_thumbnail":0},"_links":{"self":[{"href":"http:\/\/www.taus-pirineus.com\/index.php?rest_route=\/wp\/v2\/pages\/336"}],"collection":[{"href":"http:\/\/www.taus-pirineus.com\/index.php?rest_route=\/wp\/v2\/pages"}],"about":[{"href":"http:\/\/www.taus-pirineus.com\/index.php?rest_route=\/wp\/v2\/types\/page"}],"author":[{"embeddable":true,"href":"http:\/\/www.taus-pirineus.com\/index.php?rest_route=\/wp\/v2\/users\/1"}],"replies":[{"embeddable":true,"href":"http:\/\/www.taus-pirineus.com\/index.php?rest_route=%2Fwp%2Fv2%2Fcomments&post=336"}],"version-history":[{"count":4,"href":"http:\/\/www.taus-pirineus.com\/index.php?rest_route=\/wp\/v2\/pages\/336\/revisions"}],"predecessor-version":[{"id":420,"href":"http:\/\/www.taus-pirineus.com\/index.php?rest_route=\/wp\/v2\/pages\/336\/revisions\/420"}],"up":[{"embeddable":true,"href":"http:\/\/www.taus-pirineus.com\/index.php?rest_route=\/wp\/v2\/pages\/58"}],"wp:attachment":[{"href":"http:\/\/www.taus-pirineus.com\/index.php?rest_route=%2Fwp%2Fv2%2Fmedia&parent=336"}],"curies":[{"name":"wp","href":"https:\/\/api.w.org\/{rel}","templated":true}]}}